{"id":1465,"date":"2024-02-06T15:45:56","date_gmt":"2024-02-06T15:45:56","guid":{"rendered":"https:\/\/greencampus.mdu.edu.az\/?page_id=1465"},"modified":"2024-02-10T14:34:51","modified_gmt":"2024-02-10T14:34:51","slug":"f%c9%99aliyy%c9%99timiz","status":"publish","type":"page","link":"https:\/\/greencampus.mdu.edu.az\/en\/f%c9%99aliyy%c9%99timiz\/","title":{"rendered":"F\u0259aliyy\u0259timiz"},"content":{"rendered":"<div data-elementor-type=\"wp-page\" data-elementor-id=\"1465\" class=\"elementor elementor-1465\" data-elementor-post-type=\"page\">\n\t\t\t\t\t\t<section data-particle_enable=\"false\" data-particle-mobile-disabled=\"false\" class=\"elementor-section elementor-top-section elementor-element elementor-element-b9db90a elementor-section-boxed elementor-section-height-default elementor-section-height-default\" data-id=\"b9db90a\" data-element_type=\"section\">\n\t\t\t\t\t\t<div class=\"elementor-container elementor-column-gap-default\">\n\t\t\t\t\t<div class=\"elementor-column elementor-col-100 elementor-top-column elementor-element elementor-element-5fb34e20\" data-id=\"5fb34e20\" data-element_type=\"column\">\n\t\t\t<div class=\"elementor-widget-wrap elementor-element-populated\">\n\t\t\t\t\t\t<div class=\"elementor-element elementor-element-4ff066f6 elementor-grid-1 elementor-posts--thumbnail-left elementor-posts--align-left elementor-grid-tablet-2 elementor-grid-mobile-1 elementor-widget elementor-widget-posts\" data-id=\"4ff066f6\" data-element_type=\"widget\" data-settings=\"{&quot;classic_columns&quot;:&quot;1&quot;,&quot;classic_row_gap&quot;:{&quot;unit&quot;:&quot;px&quot;,&quot;size&quot;:50,&quot;sizes&quot;:[]},&quot;pagination_type&quot;:&quot;numbers_and_prev_next&quot;,&quot;classic_columns_tablet&quot;:&quot;2&quot;,&quot;classic_columns_mobile&quot;:&quot;1&quot;,&quot;classic_row_gap_tablet&quot;:{&quot;unit&quot;:&quot;px&quot;,&quot;size&quot;:&quot;&quot;,&quot;sizes&quot;:[]},&quot;classic_row_gap_mobile&quot;:{&quot;unit&quot;:&quot;px&quot;,&quot;size&quot;:&quot;&quot;,&quot;sizes&quot;:[]}}\" data-widget_type=\"posts.classic\">\n\t\t\t\t<div class=\"elementor-widget-container\">\n\t\t\t\t\t\t\t<div class=\"elementor-posts-container elementor-posts elementor-posts--skin-classic elementor-grid\" role=\"list\">\r\n\t\t\t\t<article class=\"elementor-post elementor-grid-item post-1290 post type-post status-publish format-gallery has-post-thumbnail hentry category-fealiyyet post_format-post-format-gallery entry has-media\" role=\"listitem\">\r\n\t\t\t\t<a class=\"elementor-post__thumbnail__link\" href=\"https:\/\/greencampus.mdu.edu.az\/en\/urgent-disaster-relief-securing-wildlife\/\" tabindex=\"-1\" >\r\n\t\t\t<div class=\"elementor-post__thumbnail\"><img fetchpriority=\"high\" decoding=\"async\" width=\"1024\" height=\"683\" src=\"https:\/\/greencampus.mdu.edu.az\/wp-content\/uploads\/2024\/02\/agac3.jpg\" class=\"attachment-full size-full wp-image-2678\" alt=\"\" srcset=\"https:\/\/greencampus.mdu.edu.az\/wp-content\/uploads\/2024\/02\/agac3.jpg 1024w, https:\/\/greencampus.mdu.edu.az\/wp-content\/uploads\/2024\/02\/agac3-300x200.jpg 300w, https:\/\/greencampus.mdu.edu.az\/wp-content\/uploads\/2024\/02\/agac3-768x512.jpg 768w, https:\/\/greencampus.mdu.edu.az\/wp-content\/uploads\/2024\/02\/agac3-18x12.jpg 18w\" sizes=\"(max-width: 1024px) 100vw, 1024px\" \/><\/div>\r\n\t\t<\/a>\r\n\t\t\t\t<div class=\"elementor-post__text\">\r\n\t\t\t\t<h3 class=\"elementor-post__title\">\r\n\t\t\t<a href=\"https:\/\/greencampus.mdu.edu.az\/en\/urgent-disaster-relief-securing-wildlife\/\" >\r\n\t\t\t\tTree planting action was held at Mingachevir State University.\t\t\t<\/a>\r\n\t\t<\/h3>\r\n\t\t\t\t<div class=\"elementor-post__meta-data\">\r\n\t\t\t\t\t<span class=\"elementor-post-date\">\r\n\t\t\tFebruary 6, 2024\t\t<\/span>\r\n\t\t\t\t<\/div>\r\n\t\t\t\t<div class=\"elementor-post__excerpt\">\r\n\t\t\t<p>MDU-da a\u011fac\u0259km\u0259 aksiyas\u0131 ke\u00e7irilib. Aksiyada MDU-nun professor-m\u00fc\u0259llim v\u0259 t\u0259l\u0259b\u0259 hey\u0259ti, universitetin \u015f\u0259hid m\u0259zunlar\u0131n\u0131n ail\u0259 \u00fczvl\u0259ri, MDU-nun \u0130ctimai N\u0259zar\u0259t \u015euras\u0131n\u0131n \u00fczvl\u0259ri i\u015ftirak edibl\u0259r. Aksiya \u00e7\u0259r\u00e7iv\u0259sind\u0259 universitetin h\u0259r iki t\u0259dris korpusunun inzibati<\/p>\n\t\t<\/div>\r\n\t\t\t\t<\/div>\r\n\t\t\t\t<\/article>\r\n\t\t\t\t<article class=\"elementor-post elementor-grid-item post-850 post type-post status-publish format-standard has-post-thumbnail hentry category-fealiyyet entry has-media\" role=\"listitem\">\r\n\t\t\t\t<a class=\"elementor-post__thumbnail__link\" href=\"https:\/\/greencampus.mdu.edu.az\/en\/climate-summit-momentum\/\" tabindex=\"-1\" >\r\n\t\t\t<div class=\"elementor-post__thumbnail\"><img decoding=\"async\" width=\"1480\" height=\"933\" src=\"https:\/\/greencampus.mdu.edu.az\/wp-content\/uploads\/2024\/02\/mural.jpg\" class=\"attachment-full size-full wp-image-2683\" alt=\"\" srcset=\"https:\/\/greencampus.mdu.edu.az\/wp-content\/uploads\/2024\/02\/mural.jpg 1480w, https:\/\/greencampus.mdu.edu.az\/wp-content\/uploads\/2024\/02\/mural-300x189.jpg 300w, https:\/\/greencampus.mdu.edu.az\/wp-content\/uploads\/2024\/02\/mural-1024x646.jpg 1024w, https:\/\/greencampus.mdu.edu.az\/wp-content\/uploads\/2024\/02\/mural-768x484.jpg 768w, https:\/\/greencampus.mdu.edu.az\/wp-content\/uploads\/2024\/02\/mural-18x12.jpg 18w\" sizes=\"(max-width: 1480px) 100vw, 1480px\" \/><\/div>\r\n\t\t<\/a>\r\n\t\t\t\t<div class=\"elementor-post__text\">\r\n\t\t\t\t<h3 class=\"elementor-post__title\">\r\n\t\t\t<a href=\"https:\/\/greencampus.mdu.edu.az\/en\/climate-summit-momentum\/\" >\r\n\t\t\t\tA very interesting mural was painted on the wall in the main educational building at MSU\t\t\t<\/a>\r\n\t\t<\/h3>\r\n\t\t\t\t<div class=\"elementor-post__meta-data\">\r\n\t\t\t\t\t<span class=\"elementor-post-date\">\r\n\t\t\tFebruary 5, 2024\t\t<\/span>\r\n\t\t\t\t<\/div>\r\n\t\t\t\t<div class=\"elementor-post__excerpt\">\r\n\t\t\t<p>&#8220;Ya\u015f\u0131l d\u00fcnya namin\u0259 h\u0259mr\u0259ylik ili&#8221; \u00e7\u0259r\u00e7iv\u0259sind\u0259 Ming\u0259\u00e7evir D\u00f6vl\u0259t Universitetinin (MDU) \u0259sas t\u0259dris korpusunda divara \u00e7ox maraql\u0131 mural \u00e7\u0259kildi. Mural\u0131n m\u0259nas\u0131 alternativ enerji m\u0259nb\u0259l\u0259rind\u0259n istifad\u0259nin art\u0131r\u0131lmas\u0131na, tullant\u0131lar\u0131n d\u00fczg\u00fcn \u00e7e\u015fidl\u0259nm\u0259sin\u0259 v\u0259 t\u0259krar<\/p>\n\t\t<\/div>\r\n\t\t\t\t<\/div>\r\n\t\t\t\t<\/article>\r\n\t\t\t\t<article class=\"elementor-post elementor-grid-item post-846 post type-post status-publish format-gallery has-post-thumbnail hentry category-fealiyyet post_format-post-format-gallery entry has-media\" role=\"listitem\">\r\n\t\t\t\t<a class=\"elementor-post__thumbnail__link\" href=\"https:\/\/greencampus.mdu.edu.az\/en\/australias-drastic-deforestation\/\" tabindex=\"-1\" >\r\n\t\t\t<div class=\"elementor-post__thumbnail\"><img decoding=\"async\" width=\"1280\" height=\"960\" src=\"https:\/\/greencampus.mdu.edu.az\/wp-content\/uploads\/2024\/02\/erzaq3.jpg\" class=\"attachment-full size-full wp-image-2696\" alt=\"\" srcset=\"https:\/\/greencampus.mdu.edu.az\/wp-content\/uploads\/2024\/02\/erzaq3.jpg 1280w, https:\/\/greencampus.mdu.edu.az\/wp-content\/uploads\/2024\/02\/erzaq3-300x225.jpg 300w, https:\/\/greencampus.mdu.edu.az\/wp-content\/uploads\/2024\/02\/erzaq3-1024x768.jpg 1024w, https:\/\/greencampus.mdu.edu.az\/wp-content\/uploads\/2024\/02\/erzaq3-768x576.jpg 768w, https:\/\/greencampus.mdu.edu.az\/wp-content\/uploads\/2024\/02\/erzaq3-16x12.jpg 16w\" sizes=\"(max-width: 1280px) 100vw, 1280px\" \/><\/div>\r\n\t\t<\/a>\r\n\t\t\t\t<div class=\"elementor-post__text\">\r\n\t\t\t\t<h3 class=\"elementor-post__title\">\r\n\t\t\t<a href=\"https:\/\/greencampus.mdu.edu.az\/en\/australias-drastic-deforestation\/\" >\r\n\t\t\t\tA round table was held on the topic \u201cPriority areas for ensuring food safety.\u201d\t\t\t<\/a>\r\n\t\t<\/h3>\r\n\t\t\t\t<div class=\"elementor-post__meta-data\">\r\n\t\t\t\t\t<span class=\"elementor-post-date\">\r\n\t\t\tFebruary 5, 2024\t\t<\/span>\r\n\t\t\t\t<\/div>\r\n\t\t\t\t<div class=\"elementor-post__excerpt\">\r\n\t\t\t<p>MDU-da \u201c\u018frzaq t\u0259hl\u00fck\u0259sizliyinin t\u0259min edilm\u0259sinin prioritet istiqam\u0259tl\u0259ri\u201d adl\u0131 d\u0259yirmi masa ke\u00e7irilib. D\u0259yirmi masada kafedra m\u00fcdiri T\u0259ran\u0259 Yusibova giri\u015f nitqi il\u0259 a\u00e7\u0131l\u0131\u015f etdi, kafedran\u0131n g\u0259nc m\u00fc\u0259llimi Leyla \u018fhm\u0259dova &#8220;Ekoloji t\u0259miz qida<\/p>\n\t\t<\/div>\r\n\t\t\t\t<\/div>\r\n\t\t\t\t<\/article>\r\n\t\t\t\t<\/div>\r\n\t\t\r\n\t\t\t\t\t\t<\/div>\n\t\t\t\t<\/div>\n\t\t\t\t\t<\/div>\n\t\t<\/div>\n\t\t\t\t\t<\/div>\n\t\t<\/section>\n\t\t\t\t<\/div>","protected":false},"excerpt":{"rendered":"","protected":false},"author":1,"featured_media":0,"parent":0,"menu_order":0,"comment_status":"closed","ping_status":"closed","template":"","meta":{"ocean_post_layout":"full-screen","ocean_both_sidebars_style":"","ocean_both_sidebars_content_width":0,"ocean_both_sidebars_sidebars_width":0,"ocean_sidebar":"","ocean_second_sidebar":"","ocean_disable_margins":"enable","ocean_add_body_class":"","ocean_shortcode_before_top_bar":"","ocean_shortcode_after_top_bar":"","ocean_shortcode_before_header":"","ocean_shortcode_after_header":"","ocean_has_shortcode":"","ocean_shortcode_after_title":"","ocean_shortcode_before_footer_widgets":"","ocean_shortcode_after_footer_widgets":"","ocean_shortcode_before_footer_bottom":"","ocean_shortcode_after_footer_bottom":"","ocean_display_top_bar":"off","ocean_display_header":"off","ocean_header_style":"","ocean_center_header_left_menu":"","ocean_custom_header_template":"","ocean_custom_logo":0,"ocean_custom_retina_logo":0,"ocean_custom_logo_max_width":0,"ocean_custom_logo_tablet_max_width":0,"ocean_custom_logo_mobile_max_width":0,"ocean_custom_logo_max_height":0,"ocean_custom_logo_tablet_max_height":0,"ocean_custom_logo_mobile_max_height":0,"ocean_header_custom_menu":"","ocean_menu_typo_font_family":"","ocean_menu_typo_font_subset":"","ocean_menu_typo_font_size":0,"ocean_menu_typo_font_size_tablet":0,"ocean_menu_typo_font_size_mobile":0,"ocean_menu_typo_font_size_unit":"px","ocean_menu_typo_font_weight":"","ocean_menu_typo_font_weight_tablet":"","ocean_menu_typo_font_weight_mobile":"","ocean_menu_typo_transform":"","ocean_menu_typo_transform_tablet":"","ocean_menu_typo_transform_mobile":"","ocean_menu_typo_line_height":0,"ocean_menu_typo_line_height_tablet":0,"ocean_menu_typo_line_height_mobile":0,"ocean_menu_typo_line_height_unit":"","ocean_menu_typo_spacing":0,"ocean_menu_typo_spacing_tablet":0,"ocean_menu_typo_spacing_mobile":0,"ocean_menu_typo_spacing_unit":"","ocean_menu_link_color":"","ocean_menu_link_color_hover":"","ocean_menu_link_color_active":"","ocean_menu_link_background":"","ocean_menu_link_hover_background":"","ocean_menu_link_active_background":"","ocean_menu_social_links_bg":"","ocean_menu_social_hover_links_bg":"","ocean_menu_social_links_color":"","ocean_menu_social_hover_links_color":"","ocean_disable_title":"on","ocean_disable_heading":"default","ocean_post_title":"","ocean_post_subheading":"","ocean_post_title_style":"","ocean_post_title_background_color":"","ocean_post_title_background":0,"ocean_post_title_bg_image_position":"","ocean_post_title_bg_image_attachment":"","ocean_post_title_bg_image_repeat":"","ocean_post_title_bg_image_size":"","ocean_post_title_height":0,"ocean_post_title_bg_overlay":0.5,"ocean_post_title_bg_overlay_color":"","ocean_disable_breadcrumbs":"default","ocean_breadcrumbs_color":"","ocean_breadcrumbs_separator_color":"","ocean_breadcrumbs_links_color":"","ocean_breadcrumbs_links_hover_color":"","ocean_display_footer_widgets":"off","ocean_display_footer_bottom":"off","ocean_custom_footer_template":"","footnotes":""},"class_list":["post-1465","page","type-page","status-publish","hentry","entry","has-media"],"_links":{"self":[{"href":"https:\/\/greencampus.mdu.edu.az\/en\/wp-json\/wp\/v2\/pages\/1465","targetHints":{"allow":["GET"]}}],"collection":[{"href":"https:\/\/greencampus.mdu.edu.az\/en\/wp-json\/wp\/v2\/pages"}],"about":[{"href":"https:\/\/greencampus.mdu.edu.az\/en\/wp-json\/wp\/v2\/types\/page"}],"author":[{"embeddable":true,"href":"https:\/\/greencampus.mdu.edu.az\/en\/wp-json\/wp\/v2\/users\/1"}],"replies":[{"embeddable":true,"href":"https:\/\/greencampus.mdu.edu.az\/en\/wp-json\/wp\/v2\/comments?post=1465"}],"version-history":[{"count":31,"href":"https:\/\/greencampus.mdu.edu.az\/en\/wp-json\/wp\/v2\/pages\/1465\/revisions"}],"predecessor-version":[{"id":2460,"href":"https:\/\/greencampus.mdu.edu.az\/en\/wp-json\/wp\/v2\/pages\/1465\/revisions\/2460"}],"wp:attachment":[{"href":"https:\/\/greencampus.mdu.edu.az\/en\/wp-json\/wp\/v2\/media?parent=1465"}],"curies":[{"name":"wp","href":"https:\/\/api.w.org\/{rel}","templated":true}]}}