{"id":3486,"date":"2024-03-13T10:35:19","date_gmt":"2024-03-13T10:35:19","guid":{"rendered":"https:\/\/greencampus.mdu.edu.az\/?page_id=3486"},"modified":"2024-03-16T17:02:24","modified_gmt":"2024-03-16T17:02:24","slug":"timeline","status":"publish","type":"page","link":"https:\/\/greencampus.mdu.edu.az\/en\/timeline\/","title":{"rendered":"Timeline"},"content":{"rendered":"<div data-elementor-type=\"wp-page\" data-elementor-id=\"3486\" class=\"elementor elementor-3486\" data-elementor-post-type=\"page\">\n\t\t\t\t\t\t<section data-particle_enable=\"false\" data-particle-mobile-disabled=\"false\" class=\"elementor-section elementor-top-section elementor-element elementor-element-18bab606 elementor-section-boxed elementor-section-height-default elementor-section-height-default\" data-id=\"18bab606\" data-element_type=\"section\">\n\t\t\t\t\t\t<div class=\"elementor-container elementor-column-gap-no\">\n\t\t\t\t\t<div class=\"elementor-column elementor-col-100 elementor-top-column elementor-element elementor-element-7f31a6ae\" data-id=\"7f31a6ae\" data-element_type=\"column\">\n\t\t\t<div class=\"elementor-widget-wrap elementor-element-populated\">\n\t\t\t\t\t\t<section data-particle_enable=\"false\" data-particle-mobile-disabled=\"false\" class=\"elementor-section elementor-inner-section elementor-element elementor-element-276dd0cb elementor-section-boxed elementor-section-height-default elementor-section-height-default\" data-id=\"276dd0cb\" data-element_type=\"section\" data-no-translation=\"\">\n\t\t\t\t\t\t<div class=\"elementor-container elementor-column-gap-default\">\n\t\t\t\t\t<div class=\"elementor-column elementor-col-100 elementor-inner-column elementor-element elementor-element-667d8a9c\" data-id=\"667d8a9c\" data-element_type=\"column\">\n\t\t\t<div class=\"elementor-widget-wrap elementor-element-populated\">\n\t\t\t\t\t\t<div class=\"elementor-element elementor-element-fdfba21 eael-dual-header-content-align-left elementor-widget elementor-widget-eael-dual-color-header\" data-id=\"fdfba21\" data-element_type=\"widget\" data-widget_type=\"eael-dual-color-header.default\">\n\t\t\t\t<div class=\"elementor-widget-container\">\n\t\t\t\t\t\t\t\t<div class=\"eael-dual-header\">\n\t\t\t\t<h2 class=\"title eael-dch-title\"><span class=\"eael-dch-title-text eael-dch-title-lead lead solid-color\">TIMELINE OF<\/span> <span class=\"eael-dch-title-text\">SUSTAINABILITY at MSU<\/span><\/h2><div class=\"eael-dch-separator-wrap\"><span class=\"separator-one\"><\/span>\n\t\t\t<span class=\"separator-two\"><\/span><\/div>\t\t\t\t\t<span class=\"eael-dch-svg-icon\"><\/span>\t\t\t\t\t\t\t<\/div>\n\n\t\t\t\t\t\t<\/div>\n\t\t\t\t<\/div>\n\t\t\t\t<div class=\"elementor-element elementor-element-4f9d28d7 elementor-widget elementor-widget-text-editor\" data-id=\"4f9d28d7\" data-element_type=\"widget\" data-widget_type=\"text-editor.default\">\n\t\t\t\t<div class=\"elementor-widget-container\">\n\t\t\t\t\t\t\t\t\t<p><strong><em><u>1991<\/u><\/em><\/strong><\/p><ul><li>Mingachevir State University (MSU) started the training of engineering personnel across various sectors to meet the sustainable development requirements of the country.<\/li><\/ul><p><strong><em><u>2010<\/u><\/em><\/strong><\/p><ul><li>MSU introduced the &#8220;Environmental Engineering&#8221; program<\/li><\/ul><p><strong><em><u>2015<\/u><\/em><\/strong><\/p><ul><li>MSU commenced staff training for the &#8220;Ecology&#8221; program.<\/li><\/ul><p><strong><em><u>2020<\/u><\/em><\/strong><\/p><ul><li>The &#8220;Sustainable Development&#8221; Multidisciplinary Journal was established.<\/li><li>Sustainability awareness-raising and educational activities were conducted<\/li><li>MSU became a partner in the Erasmus+ project &#8220;New Courses in Geospatial Engineering for Climate Change Adaptation of Coastal Ecosystems &#8211; GEOCLIC&#8221;.<\/li><\/ul><p><strong><em><u>2021<\/u><\/em><\/strong><\/p><ul><li>Two issues of the Multidisciplinary Journal &#8220;Sustainable Development&#8221; were published.<\/li><li>MSU initiated a periodic international scientific conference on &#8220;Sustainable Development Strategy: Global Trends, National Experience, and New Goals&#8221;.<\/li><li>The &#8220;Sustainable Development and Regional Innovations&#8221; Research Center was founded.<\/li><li>Sustainability awareness-raising and educational activities were carried out.<\/li><li>Activities within the GEOCLIC Erasmus+ project carried out.<\/li><\/ul><p><strong><em><u>2022<\/u><\/em><\/strong><\/p><ul><li>MSU joined the Erasmus+ project &#8220;Green and sustainable global economic improvement in Azerbaijani universities: renewable energy sources and climate change mitigation&#8221; (REFRESH) as a partner university.<\/li><li>The next two issues of the Multidisciplinary Journal &#8220;Sustainable Development&#8221; were published.<\/li><li>Within the framework of the international scientific conference on &#8220;Educational and Scientific Activity in a New Time: Realities and Challenges&#8221; held at MSU, panel sessions covering the topics of sustainable development were organized.<\/li><li>Activities within the GEOCLIC Erasmus+ project continued, and the &#8220;Ecoreview&#8221; Ecologists Club was established.<\/li><li>Sustainability awareness-raising and educational activities were continued.<\/li><li>Students and staff were involved in tree planting activities.<\/li><\/ul><p><strong><em><u>2023<\/u><\/em><\/strong><\/p><ul><li>The REFRESH Erasmus+ project, in which MSU is a partner, was launched.<\/li><li>The activities related to the GEOCLIC Erasmus+ project have been continuously in progress.<\/li><li>MSU hosted the second international scientific conference on &#8220;Sustainable Development Strategy: Global Trends, National Experience, and New Goals&#8221;.<\/li><li>Further issues of the Multidisciplinary Journal &#8220;Sustainable Development&#8221; were published.<\/li><li>Sustainability awareness-raising and educational activities were continued.<\/li><li>Tree planting actions were organized with the participation of students and staff.<\/li><\/ul><p><strong><em><u>2024<\/u><\/em><\/strong><\/p><ul><li>Activities within the REFRESH Erasmus+ project continued<\/li><li>&#8220;Green volunteers&#8221; Association was established under MSU&#8217;s Student Youth Organization.<\/li><li>GEOLAB laboratory was established within the GEOCLIC Erasmus+ project.<\/li><li>&#8220;MSU 2030: Development Strategy&#8221; was approved in the new edition. In the Strategy, the transformation of MSU into a &#8220;green&#8221; and &#8220;smart&#8221; university based on sustainable development and being among the country&#8217;s leading universities in this field is defined as one of the main goals, and multifaceted activities are planned.<\/li><li>Planned to implement the action plan at MSU in connection with the declaration of 2024 as the \u201cYear of Solidarity for the Green World\u201d in Azerbaijan<\/li><li>The new web page of MSU named &#8220;greencampus.mdu.edu.az&#8221; was launched.<\/li><li>Sustainability awareness-raising and educational activities are currently taking place.<\/li><li>Tree planting actions are continued.<\/li><\/ul>\t\t\t\t\t\t\t\t<\/div>\n\t\t\t\t<\/div>\n\t\t\t\t\t<\/div>\n\t\t<\/div>\n\t\t\t\t\t<\/div>\n\t\t<\/section>\n\t\t\t\t\t<\/div>\n\t\t<\/div>\n\t\t\t\t\t<\/div>\n\t\t<\/section>\n\t\t\t\t<\/div>","protected":false},"excerpt":{"rendered":"<p>DAYANIQLI \u0130NK\u0130\u015eAF F\u018fAL\u0130YY\u018fT\u0130N\u0130N ZAMAN QRAF\u0130K\u0130 1991 Ming\u0259\u00e7evir D\u00f6vl\u0259t Universitetind\u0259 (MDU) \u00f6lk\u0259nin dayan\u0131ql\u0131 inki\u015faf ehtiyaclar\u0131na uy\u011fun olaraq s\u0259nayenin bir s\u0131ra sah\u0259l\u0259ri \u00fczr\u0259 m\u00fch\u0259ndis kadrlar\u0131n haz\u0131rl\u0131\u011f\u0131na ba\u015flan\u0131l\u0131b. 2010 MDU-da \u201cEkologiya m\u00fch\u0259ndisliyi\u201d ixtisas\u0131 a\u00e7\u0131l\u0131b. 2015 MDU-da \u201cEkologiya\u201d ixtisas\u0131 \u00fczr\u0259 kadr haz\u0131rl\u0131\u011f\u0131na ba\u015flan\u0131l\u0131b. 2020 MDU-nun \u201cDayan\u0131ql\u0131 inki\u015faf\u201d multidisiplinar jurnal\u0131 t\u0259sis edilib. Dayan\u0131ql\u0131 inki\u015fafla ba\u011fl\u0131 m\u00f6vzularda maarifl\u0259ndirici t\u0259dbirl\u0259r ke\u00e7irilib. MDU [&hellip;]<\/p>","protected":false},"author":1,"featured_media":0,"parent":0,"menu_order":0,"comment_status":"closed","ping_status":"closed","template":"","meta":{"ocean_post_layout":"","ocean_both_sidebars_style":"","ocean_both_sidebars_content_width":0,"ocean_both_sidebars_sidebars_width":0,"ocean_sidebar":"","ocean_second_sidebar":"","ocean_disable_margins":"enable","ocean_add_body_class":"","ocean_shortcode_before_top_bar":"","ocean_shortcode_after_top_bar":"","ocean_shortcode_before_header":"","ocean_shortcode_after_header":"","ocean_has_shortcode":"","ocean_shortcode_after_title":"","ocean_shortcode_before_footer_widgets":"","ocean_shortcode_after_footer_widgets":"","ocean_shortcode_before_footer_bottom":"","ocean_shortcode_after_footer_bottom":"","ocean_display_top_bar":"default","ocean_display_header":"default","ocean_header_style":"","ocean_center_header_left_menu":"","ocean_custom_header_template":"","ocean_custom_logo":0,"ocean_custom_retina_logo":0,"ocean_custom_logo_max_width":0,"ocean_custom_logo_tablet_max_width":0,"ocean_custom_logo_mobile_max_width":0,"ocean_custom_logo_max_height":0,"ocean_custom_logo_tablet_max_height":0,"ocean_custom_logo_mobile_max_height":0,"ocean_header_custom_menu":"","ocean_menu_typo_font_family":"","ocean_menu_typo_font_subset":"","ocean_menu_typo_font_size":0,"ocean_menu_typo_font_size_tablet":0,"ocean_menu_typo_font_size_mobile":0,"ocean_menu_typo_font_size_unit":"px","ocean_menu_typo_font_weight":"","ocean_menu_typo_font_weight_tablet":"","ocean_menu_typo_font_weight_mobile":"","ocean_menu_typo_transform":"","ocean_menu_typo_transform_tablet":"","ocean_menu_typo_transform_mobile":"","ocean_menu_typo_line_height":0,"ocean_menu_typo_line_height_tablet":0,"ocean_menu_typo_line_height_mobile":0,"ocean_menu_typo_line_height_unit":"","ocean_menu_typo_spacing":0,"ocean_menu_typo_spacing_tablet":0,"ocean_menu_typo_spacing_mobile":0,"ocean_menu_typo_spacing_unit":"","ocean_menu_link_color":"","ocean_menu_link_color_hover":"","ocean_menu_link_color_active":"","ocean_menu_link_background":"","ocean_menu_link_hover_background":"","ocean_menu_link_active_background":"","ocean_menu_social_links_bg":"","ocean_menu_social_hover_links_bg":"","ocean_menu_social_links_color":"","ocean_menu_social_hover_links_color":"","ocean_disable_title":"default","ocean_disable_heading":"default","ocean_post_title":"","ocean_post_subheading":"","ocean_post_title_style":"","ocean_post_title_background_color":"","ocean_post_title_background":0,"ocean_post_title_bg_image_position":"","ocean_post_title_bg_image_attachment":"","ocean_post_title_bg_image_repeat":"","ocean_post_title_bg_image_size":"","ocean_post_title_height":0,"ocean_post_title_bg_overlay":0.5,"ocean_post_title_bg_overlay_color":"","ocean_disable_breadcrumbs":"default","ocean_breadcrumbs_color":"","ocean_breadcrumbs_separator_color":"","ocean_breadcrumbs_links_color":"","ocean_breadcrumbs_links_hover_color":"","ocean_display_footer_widgets":"default","ocean_display_footer_bottom":"default","ocean_custom_footer_template":"","footnotes":""},"class_list":["post-3486","page","type-page","status-publish","hentry","entry"],"_links":{"self":[{"href":"https:\/\/greencampus.mdu.edu.az\/en\/wp-json\/wp\/v2\/pages\/3486","targetHints":{"allow":["GET"]}}],"collection":[{"href":"https:\/\/greencampus.mdu.edu.az\/en\/wp-json\/wp\/v2\/pages"}],"about":[{"href":"https:\/\/greencampus.mdu.edu.az\/en\/wp-json\/wp\/v2\/types\/page"}],"author":[{"embeddable":true,"href":"https:\/\/greencampus.mdu.edu.az\/en\/wp-json\/wp\/v2\/users\/1"}],"replies":[{"embeddable":true,"href":"https:\/\/greencampus.mdu.edu.az\/en\/wp-json\/wp\/v2\/comments?post=3486"}],"version-history":[{"count":77,"href":"https:\/\/greencampus.mdu.edu.az\/en\/wp-json\/wp\/v2\/pages\/3486\/revisions"}],"predecessor-version":[{"id":3814,"href":"https:\/\/greencampus.mdu.edu.az\/en\/wp-json\/wp\/v2\/pages\/3486\/revisions\/3814"}],"wp:attachment":[{"href":"https:\/\/greencampus.mdu.edu.az\/en\/wp-json\/wp\/v2\/media?parent=3486"}],"curies":[{"name":"wp","href":"https:\/\/api.w.org\/{rel}","templated":true}]}}