{"id":941,"date":"2024-02-05T15:27:55","date_gmt":"2024-02-05T15:27:55","guid":{"rendered":"https:\/\/greencampus.mdu.edu.az\/?page_id=941"},"modified":"2024-11-22T10:25:10","modified_gmt":"2024-11-22T10:25:10","slug":"xeberler","status":"publish","type":"page","link":"https:\/\/greencampus.mdu.edu.az\/en\/xeberler\/","title":{"rendered":"Xeberler"},"content":{"rendered":"<div data-elementor-type=\"wp-page\" data-elementor-id=\"941\" class=\"elementor elementor-941\" data-elementor-post-type=\"page\">\n\t\t\t\t\t\t<section data-particle_enable=\"false\" data-particle-mobile-disabled=\"false\" class=\"elementor-section elementor-top-section elementor-element elementor-element-054e38e elementor-section-boxed elementor-section-height-default elementor-section-height-default\" data-id=\"054e38e\" data-element_type=\"section\">\n\t\t\t\t\t\t<div class=\"elementor-container elementor-column-gap-default\">\n\t\t\t\t\t<div class=\"elementor-column elementor-col-100 elementor-top-column elementor-element elementor-element-985cee0\" data-id=\"985cee0\" data-element_type=\"column\">\n\t\t\t<div class=\"elementor-widget-wrap elementor-element-populated\">\n\t\t\t\t\t\t<div class=\"elementor-element elementor-element-57037bb elementor-grid-1 elementor-posts--thumbnail-left elementor-posts--align-left elementor-grid-tablet-2 elementor-grid-mobile-1 elementor-widget elementor-widget-posts\" data-id=\"57037bb\" data-element_type=\"widget\" data-settings=\"{&quot;classic_columns&quot;:&quot;1&quot;,&quot;classic_row_gap&quot;:{&quot;unit&quot;:&quot;px&quot;,&quot;size&quot;:50,&quot;sizes&quot;:[]},&quot;pagination_type&quot;:&quot;numbers_and_prev_next&quot;,&quot;classic_columns_tablet&quot;:&quot;2&quot;,&quot;classic_columns_mobile&quot;:&quot;1&quot;,&quot;classic_row_gap_tablet&quot;:{&quot;unit&quot;:&quot;px&quot;,&quot;size&quot;:&quot;&quot;,&quot;sizes&quot;:[]},&quot;classic_row_gap_mobile&quot;:{&quot;unit&quot;:&quot;px&quot;,&quot;size&quot;:&quot;&quot;,&quot;sizes&quot;:[]}}\" data-no-translation=\"\" data-widget_type=\"posts.classic\">\n\t\t\t\t<div class=\"elementor-widget-container\">\n\t\t\t\t\t<style>.elementor-element-57037bb{display:none !important}<\/style>\t\t\t\t<\/div>\n\t\t\t\t<\/div>\n\t\t\t\t<div class=\"elementor-element elementor-element-77964aa elementor-grid-1 elementor-posts--thumbnail-left elementor-posts--align-left elementor-grid-tablet-2 elementor-grid-mobile-1 elementor-widget elementor-widget-posts\" data-id=\"77964aa\" data-element_type=\"widget\" data-settings=\"{&quot;classic_columns&quot;:&quot;1&quot;,&quot;classic_row_gap&quot;:{&quot;unit&quot;:&quot;px&quot;,&quot;size&quot;:50,&quot;sizes&quot;:[]},&quot;pagination_type&quot;:&quot;numbers_and_prev_next&quot;,&quot;classic_columns_tablet&quot;:&quot;2&quot;,&quot;classic_columns_mobile&quot;:&quot;1&quot;,&quot;classic_row_gap_tablet&quot;:{&quot;unit&quot;:&quot;px&quot;,&quot;size&quot;:&quot;&quot;,&quot;sizes&quot;:[]},&quot;classic_row_gap_mobile&quot;:{&quot;unit&quot;:&quot;px&quot;,&quot;size&quot;:&quot;&quot;,&quot;sizes&quot;:[]}}\" data-no-translation=\"\" data-widget_type=\"posts.classic\">\n\t\t\t\t<div class=\"elementor-widget-container\">\n\t\t\t\t\t\t\t<div class=\"elementor-posts-container elementor-posts elementor-posts--skin-classic elementor-grid\" role=\"list\">\r\n\t\t\t\t<article class=\"elementor-post elementor-grid-item post-5358 post type-post status-publish format-gallery has-post-thumbnail hentry category-news post_format-post-format-gallery entry has-media\" role=\"listitem\">\r\n\t\t\t\t<a class=\"elementor-post__thumbnail__link\" href=\"https:\/\/greencampus.mdu.edu.az\/en\/scientific-practical-seminar-at-msu-cop29-green-world\/\" tabindex=\"-1\" >\r\n\t\t\t<div class=\"elementor-post__thumbnail\"><img fetchpriority=\"high\" decoding=\"async\" width=\"1024\" height=\"680\" src=\"https:\/\/greencampus.mdu.edu.az\/wp-content\/uploads\/2024\/12\/1-2-1.jpg\" class=\"attachment-full size-full wp-image-5356\" alt=\"\" srcset=\"https:\/\/greencampus.mdu.edu.az\/wp-content\/uploads\/2024\/12\/1-2-1.jpg 1024w, https:\/\/greencampus.mdu.edu.az\/wp-content\/uploads\/2024\/12\/1-2-1-300x199.jpg 300w, https:\/\/greencampus.mdu.edu.az\/wp-content\/uploads\/2024\/12\/1-2-1-768x510.jpg 768w, https:\/\/greencampus.mdu.edu.az\/wp-content\/uploads\/2024\/12\/1-2-1-18x12.jpg 18w\" sizes=\"(max-width: 1024px) 100vw, 1024px\" \/><\/div>\r\n\t\t<\/a>\r\n\t\t\t\t<div class=\"elementor-post__text\">\r\n\t\t\t\t<h3 class=\"elementor-post__title\">\r\n\t\t\t<a href=\"https:\/\/greencampus.mdu.edu.az\/en\/scientific-practical-seminar-at-msu-cop29-green-world\/\" >\r\n\t\t\t\tScientific-Practical Seminar at MSU: &#8220;COP29 &#8211; Green World&#8221;\t\t\t<\/a>\r\n\t\t<\/h3>\r\n\t\t\t\t<div class=\"elementor-post__meta-data\">\r\n\t\t\t\t\t<span class=\"elementor-post-date\">\r\n\t\t\tJuly 9, 2024\t\t<\/span>\r\n\t\t\t\t<\/div>\r\n\t\t\t\t<div class=\"elementor-post__excerpt\">\r\n\t\t\t<p>A scientific-practical seminar on the topic &#8220;COP29 &#8211; Green World&#8221; was held at Mingachevir State University (MSU) under the organization of the Department of Physics and Ecology, within the framework<\/p>\n\t\t<\/div>\r\n\t\t\t\t<\/div>\r\n\t\t\t\t<\/article>\r\n\t\t\t\t<article class=\"elementor-post elementor-grid-item post-5337 post type-post status-publish format-standard has-post-thumbnail hentry category-news entry has-media\" role=\"listitem\">\r\n\t\t\t\t<a class=\"elementor-post__thumbnail__link\" href=\"https:\/\/greencampus.mdu.edu.az\/en\/mdu-students-ecotourism-trip-to-goygol-national-park\/\" tabindex=\"-1\" >\r\n\t\t\t<div class=\"elementor-post__thumbnail\"><img decoding=\"async\" width=\"2048\" height=\"1536\" src=\"https:\/\/greencampus.mdu.edu.az\/wp-content\/uploads\/2024\/12\/1-1-1.jpg\" class=\"attachment-full size-full wp-image-5330\" alt=\"\" srcset=\"https:\/\/greencampus.mdu.edu.az\/wp-content\/uploads\/2024\/12\/1-1-1.jpg 2048w, https:\/\/greencampus.mdu.edu.az\/wp-content\/uploads\/2024\/12\/1-1-1-300x225.jpg 300w, https:\/\/greencampus.mdu.edu.az\/wp-content\/uploads\/2024\/12\/1-1-1-1024x768.jpg 1024w, https:\/\/greencampus.mdu.edu.az\/wp-content\/uploads\/2024\/12\/1-1-1-768x576.jpg 768w, https:\/\/greencampus.mdu.edu.az\/wp-content\/uploads\/2024\/12\/1-1-1-1536x1152.jpg 1536w, https:\/\/greencampus.mdu.edu.az\/wp-content\/uploads\/2024\/12\/1-1-1-16x12.jpg 16w\" sizes=\"(max-width: 2048px) 100vw, 2048px\" \/><\/div>\r\n\t\t<\/a>\r\n\t\t\t\t<div class=\"elementor-post__text\">\r\n\t\t\t\t<h3 class=\"elementor-post__title\">\r\n\t\t\t<a href=\"https:\/\/greencampus.mdu.edu.az\/en\/mdu-students-ecotourism-trip-to-goygol-national-park\/\" >\r\n\t\t\t\tMDU students&#8217; Ecotourism trip to G\u00f6yg\u00f6l National Park\t\t\t<\/a>\r\n\t\t<\/h3>\r\n\t\t\t\t<div class=\"elementor-post__meta-data\">\r\n\t\t\t\t\t<span class=\"elementor-post-date\">\r\n\t\t\tJuly 4, 2024\t\t<\/span>\r\n\t\t\t\t<\/div>\r\n\t\t\t\t<div class=\"elementor-post__excerpt\">\r\n\t\t\t<p>In accordance with the event plan organized by the Department of Economics of Mingachevir State University (MSU) within the framework of the &#8220;Year of Solidarity for a Green World,&#8221; an<\/p>\n\t\t<\/div>\r\n\t\t\t\t<\/div>\r\n\t\t\t\t<\/article>\r\n\t\t\t\t<article class=\"elementor-post elementor-grid-item post-5326 post type-post status-publish format-gallery has-post-thumbnail hentry category-news post_format-post-format-gallery entry has-media\" role=\"listitem\">\r\n\t\t\t\t<a class=\"elementor-post__thumbnail__link\" href=\"https:\/\/greencampus.mdu.edu.az\/en\/an-msu-student-was-awarded-in-the-best-student-research-work-competition\/\" tabindex=\"-1\" >\r\n\t\t\t<div class=\"elementor-post__thumbnail\"><img decoding=\"async\" width=\"2560\" height=\"1707\" src=\"https:\/\/greencampus.mdu.edu.az\/wp-content\/uploads\/2024\/12\/2-scaled-1.jpeg\" class=\"attachment-full size-full wp-image-5323\" alt=\"\" srcset=\"https:\/\/greencampus.mdu.edu.az\/wp-content\/uploads\/2024\/12\/2-scaled-1.jpeg 2560w, https:\/\/greencampus.mdu.edu.az\/wp-content\/uploads\/2024\/12\/2-scaled-1-300x200.jpeg 300w, https:\/\/greencampus.mdu.edu.az\/wp-content\/uploads\/2024\/12\/2-scaled-1-1024x683.jpeg 1024w, https:\/\/greencampus.mdu.edu.az\/wp-content\/uploads\/2024\/12\/2-scaled-1-768x512.jpeg 768w, https:\/\/greencampus.mdu.edu.az\/wp-content\/uploads\/2024\/12\/2-scaled-1-1536x1024.jpeg 1536w, https:\/\/greencampus.mdu.edu.az\/wp-content\/uploads\/2024\/12\/2-scaled-1-2048x1366.jpeg 2048w, https:\/\/greencampus.mdu.edu.az\/wp-content\/uploads\/2024\/12\/2-scaled-1-18x12.jpeg 18w\" sizes=\"(max-width: 2560px) 100vw, 2560px\" \/><\/div>\r\n\t\t<\/a>\r\n\t\t\t\t<div class=\"elementor-post__text\">\r\n\t\t\t\t<h3 class=\"elementor-post__title\">\r\n\t\t\t<a href=\"https:\/\/greencampus.mdu.edu.az\/en\/an-msu-student-was-awarded-in-the-best-student-research-work-competition\/\" >\r\n\t\t\t\tAn MSU student was awarded in the &#8220;Best Student Research Work&#8221; competition\t\t\t<\/a>\r\n\t\t<\/h3>\r\n\t\t\t\t<div class=\"elementor-post__meta-data\">\r\n\t\t\t\t\t<span class=\"elementor-post-date\">\r\n\t\t\tJuly 1, 2024\t\t<\/span>\r\n\t\t\t\t<\/div>\r\n\t\t\t\t<div class=\"elementor-post__excerpt\">\r\n\t\t\t<p>Emil \u015e\u00fck\u00fcrov, a second-year student of the &#8220;Ecology Engineering&#8221; program at Mingachevir State University (MSU), participated in the &#8220;Restoration of Karabakh \u2013 Eco-Projects&#8221; competition held within the framework of the<\/p>\n\t\t<\/div>\r\n\t\t\t\t<\/div>\r\n\t\t\t\t<\/article>\r\n\t\t\t\t<\/div>\r\n\t\t\r\n\t\t\t\t<div class=\"e-load-more-anchor\" data-page=\"1\" data-max-page=\"28\" data-next-page=\"https:\/\/greencampus.mdu.edu.az\/en\/wp-json\/wp\/v2\/pages\/941\/page\/2\/\"><\/div>\r\n\t\t\t\t<nav class=\"elementor-pagination\" aria-label=\"Pagination\">\r\n\t\t\t<span class=\"page-numbers prev\">&laquo <\/span>\n<span aria-current=\"page\" class=\"page-numbers current\"><span class=\"elementor-screen-only\">Page<\/span>1<\/span>\n<a class=\"page-numbers\" href=\"https:\/\/greencampus.mdu.edu.az\/en\/wp-json\/wp\/v2\/pages\/941\/page\/2\/\"><span class=\"elementor-screen-only\">Page<\/span>2<\/a>\n<a class=\"page-numbers\" href=\"https:\/\/greencampus.mdu.edu.az\/en\/wp-json\/wp\/v2\/pages\/941\/page\/3\/\"><span class=\"elementor-screen-only\">Page<\/span>3<\/a>\n<span class=\"page-numbers dots\">&hellip;<\/span>\n<a class=\"page-numbers\" href=\"https:\/\/greencampus.mdu.edu.az\/en\/wp-json\/wp\/v2\/pages\/941\/page\/28\/\"><span class=\"elementor-screen-only\">Page<\/span>28<\/a>\n<a class=\"page-numbers next\" href=\"https:\/\/greencampus.mdu.edu.az\/en\/wp-json\/wp\/v2\/pages\/941\/page\/2\/\">  &raquo;<\/a>\t\t<\/nav>\r\n\t\t\t\t\t\t<\/div>\n\t\t\t\t<\/div>\n\t\t\t\t\t<\/div>\n\t\t<\/div>\n\t\t\t\t\t<\/div>\n\t\t<\/section>\n\t\t\t\t<\/div>","protected":false},"excerpt":{"rendered":"","protected":false},"author":1,"featured_media":0,"parent":0,"menu_order":0,"comment_status":"closed","ping_status":"closed","template":"","meta":{"ocean_post_layout":"full-screen","ocean_both_sidebars_style":"","ocean_both_sidebars_content_width":0,"ocean_both_sidebars_sidebars_width":0,"ocean_sidebar":"","ocean_second_sidebar":"","ocean_disable_margins":"enable","ocean_add_body_class":"","ocean_shortcode_before_top_bar":"","ocean_shortcode_after_top_bar":"","ocean_shortcode_before_header":"","ocean_shortcode_after_header":"","ocean_has_shortcode":"","ocean_shortcode_after_title":"","ocean_shortcode_before_footer_widgets":"","ocean_shortcode_after_footer_widgets":"","ocean_shortcode_before_footer_bottom":"","ocean_shortcode_after_footer_bottom":"","ocean_display_top_bar":"off","ocean_display_header":"off","ocean_header_style":"","ocean_center_header_left_menu":"","ocean_custom_header_template":"","ocean_custom_logo":0,"ocean_custom_retina_logo":0,"ocean_custom_logo_max_width":0,"ocean_custom_logo_tablet_max_width":0,"ocean_custom_logo_mobile_max_width":0,"ocean_custom_logo_max_height":0,"ocean_custom_logo_tablet_max_height":0,"ocean_custom_logo_mobile_max_height":0,"ocean_header_custom_menu":"","ocean_menu_typo_font_family":"","ocean_menu_typo_font_subset":"","ocean_menu_typo_font_size":0,"ocean_menu_typo_font_size_tablet":0,"ocean_menu_typo_font_size_mobile":0,"ocean_menu_typo_font_size_unit":"px","ocean_menu_typo_font_weight":"","ocean_menu_typo_font_weight_tablet":"","ocean_menu_typo_font_weight_mobile":"","ocean_menu_typo_transform":"","ocean_menu_typo_transform_tablet":"","ocean_menu_typo_transform_mobile":"","ocean_menu_typo_line_height":0,"ocean_menu_typo_line_height_tablet":0,"ocean_menu_typo_line_height_mobile":0,"ocean_menu_typo_line_height_unit":"","ocean_menu_typo_spacing":0,"ocean_menu_typo_spacing_tablet":0,"ocean_menu_typo_spacing_mobile":0,"ocean_menu_typo_spacing_unit":"","ocean_menu_link_color":"","ocean_menu_link_color_hover":"","ocean_menu_link_color_active":"","ocean_menu_link_background":"","ocean_menu_link_hover_background":"","ocean_menu_link_active_background":"","ocean_menu_social_links_bg":"","ocean_menu_social_hover_links_bg":"","ocean_menu_social_links_color":"","ocean_menu_social_hover_links_color":"","ocean_disable_title":"on","ocean_disable_heading":"default","ocean_post_title":"","ocean_post_subheading":"","ocean_post_title_style":"","ocean_post_title_background_color":"","ocean_post_title_background":0,"ocean_post_title_bg_image_position":"","ocean_post_title_bg_image_attachment":"","ocean_post_title_bg_image_repeat":"","ocean_post_title_bg_image_size":"","ocean_post_title_height":0,"ocean_post_title_bg_overlay":0.5,"ocean_post_title_bg_overlay_color":"","ocean_disable_breadcrumbs":"default","ocean_breadcrumbs_color":"","ocean_breadcrumbs_separator_color":"","ocean_breadcrumbs_links_color":"","ocean_breadcrumbs_links_hover_color":"","ocean_display_footer_widgets":"off","ocean_display_footer_bottom":"off","ocean_custom_footer_template":"","footnotes":""},"class_list":["post-941","page","type-page","status-publish","hentry","entry","has-media"],"_links":{"self":[{"href":"https:\/\/greencampus.mdu.edu.az\/en\/wp-json\/wp\/v2\/pages\/941","targetHints":{"allow":["GET"]}}],"collection":[{"href":"https:\/\/greencampus.mdu.edu.az\/en\/wp-json\/wp\/v2\/pages"}],"about":[{"href":"https:\/\/greencampus.mdu.edu.az\/en\/wp-json\/wp\/v2\/types\/page"}],"author":[{"embeddable":true,"href":"https:\/\/greencampus.mdu.edu.az\/en\/wp-json\/wp\/v2\/users\/1"}],"replies":[{"embeddable":true,"href":"https:\/\/greencampus.mdu.edu.az\/en\/wp-json\/wp\/v2\/comments?post=941"}],"version-history":[{"count":151,"href":"https:\/\/greencampus.mdu.edu.az\/en\/wp-json\/wp\/v2\/pages\/941\/revisions"}],"predecessor-version":[{"id":4906,"href":"https:\/\/greencampus.mdu.edu.az\/en\/wp-json\/wp\/v2\/pages\/941\/revisions\/4906"}],"wp:attachment":[{"href":"https:\/\/greencampus.mdu.edu.az\/en\/wp-json\/wp\/v2\/media?parent=941"}],"curies":[{"name":"wp","href":"https:\/\/api.w.org\/{rel}","templated":true}]}}